{"id":2,"date":"2017-04-02T11:55:49","date_gmt":"2017-04-02T09:55:49","guid":{"rendered":"http:\/\/www.burgbucherbach.de\/audioguide\/?page_id=2"},"modified":"2018-08-14T09:07:49","modified_gmt":"2018-08-14T07:07:49","slug":"willkommen","status":"publish","type":"page","link":"https:\/\/www.burgbucherbach.de\/audioguide\/","title":{"rendered":"Willkommen in der Burg Bucherbach"},"content":{"rendered":"<p>Dies ist eine kostenlose Audioguide f\u00fcr die Burg Bucherbach im K\u00f6llerbach (<a href=\"https:\/\/www.puettlingen.de\/\" target=\"_blank\" rel=\"noopener\">Stadt P\u00fcttlingen<\/a>), die Sie durch die Burg f\u00fchrt und anhand von Bildern und Erkl\u00e4rungen Details zu Geschichte und Architektur erkl\u00e4rt. Unter dem Men\u00fcpunkt &#8222;<a href=\"http:\/\/www.burgbucherbach.de\/audioguide\/audioguide\/hoerspiel\/\">H\u00f6rspiel<\/a>&#8220; finden sie weitere Geschichten aus vergangenen Zeiten der Burg Bucherbach.<\/p>\n<p>Unser Angebot umfasst zur Zeit eine Auduioguide in deutsch f\u00fcr Erwachsene.<\/p>\n<p>F\u00fcr die Zukunft sind weitere Audioguides in weiteren Sprachen und eine speziell f\u00fcr Kinder \u00fcberarbeitete Version geplant.<\/p>\n<p>Auf der n\u00e4chsten Seite erkl\u00e4ren wir Ihnen wie genau die F\u00fchrung funktioniert.<\/p>\n<p>Wir w\u00fcnschen Ihnen viel Spass in der Burg Bucherbach.<\/p>\n<h1 style=\"text-align: center;\"><strong><a href=\"http:\/\/www.burgbucherbach.de\/audioguide\/audioguide\/onboarding-de-erwachsene\/\">F\u00fchrung starten<\/a><\/strong><\/h1>\n<p>&nbsp;<\/p>\n<a href=\"http:\/\/www.burgbucherbach.de\/audioguide\/audioguide\/onboarding-de-erwachsene\/\"><img loading=\"lazy\" decoding=\"async\" class=\"aligncenter size-medium wp-image-297\" src=\"http:\/\/www.burgbucherbach.de\/audioguide\/wp-content\/uploads\/2017\/04\/\u00dcbersicht_Rundgang-600x592.jpg\" alt=\"\" width=\"600\" height=\"592\" srcset=\"https:\/\/www.burgbucherbach.de\/audioguide\/wp-content\/uploads\/2017\/04\/\u00dcbersicht_Rundgang-600x592.jpg 600w, https:\/\/www.burgbucherbach.de\/audioguide\/wp-content\/uploads\/2017\/04\/\u00dcbersicht_Rundgang-768x757.jpg 768w, https:\/\/www.burgbucherbach.de\/audioguide\/wp-content\/uploads\/2017\/04\/\u00dcbersicht_Rundgang-1080x1065.jpg 1080w, https:\/\/www.burgbucherbach.de\/audioguide\/wp-content\/uploads\/2017\/04\/\u00dcbersicht_Rundgang.jpg 1083w\" sizes=\"(max-width: 600px) 100vw, 600px\" \/><\/a>\n","protected":false},"excerpt":{"rendered":"<p>Dies ist eine kostenlose Audioguide f\u00fcr die Burg Bucherbach im K\u00f6llerbach (Stadt P\u00fcttlingen), die Sie durch die Burg f\u00fchrt und anhand von Bildern und Erkl\u00e4rungen Details zu Geschichte und Architektur erkl\u00e4rt. Unter dem Men\u00fcpunkt &#8222;H\u00f6rspiel&#8220; finden sie weitere Geschichten aus vergangenen Zeiten der Burg Bucherbach. Unser Angebot umfasst zur Zeit eine Auduioguide in deutsch f\u00fcr&hellip; <a class=\"read-more\" href=\"https:\/\/www.burgbucherbach.de\/audioguide\/\" title=\"Read Willkommen in der Burg Bucherbach\">Read more &raquo;<\/a><\/p>\n","protected":false},"author":1,"featured_media":0,"parent":0,"menu_order":0,"comment_status":"closed","ping_status":"open","template":"","meta":{"footnotes":""},"_links":{"self":[{"href":"https:\/\/www.burgbucherbach.de\/audioguide\/wp-json\/wp\/v2\/pages\/2"}],"collection":[{"href":"https:\/\/www.burgbucherbach.de\/audioguide\/wp-json\/wp\/v2\/pages"}],"about":[{"href":"https:\/\/www.burgbucherbach.de\/audioguide\/wp-json\/wp\/v2\/types\/page"}],"author":[{"embeddable":true,"href":"https:\/\/www.burgbucherbach.de\/audioguide\/wp-json\/wp\/v2\/users\/1"}],"replies":[{"embeddable":true,"href":"https:\/\/www.burgbucherbach.de\/audioguide\/wp-json\/wp\/v2\/comments?post=2"}],"version-history":[{"count":19,"href":"https:\/\/www.burgbucherbach.de\/audioguide\/wp-json\/wp\/v2\/pages\/2\/revisions"}],"predecessor-version":[{"id":367,"href":"https:\/\/www.burgbucherbach.de\/audioguide\/wp-json\/wp\/v2\/pages\/2\/revisions\/367"}],"wp:attachment":[{"href":"https:\/\/www.burgbucherbach.de\/audioguide\/wp-json\/wp\/v2\/media?parent=2"}],"curies":[{"name":"wp","href":"https:\/\/api.w.org\/{rel}","templated":true}]}}