{"id":259,"date":"2018-05-30T18:10:35","date_gmt":"2018-05-30T16:10:35","guid":{"rendered":"http:\/\/www.burgbucherbach.de\/audioguide\/?page_id=259"},"modified":"2022-03-07T08:29:47","modified_gmt":"2022-03-07T07:29:47","slug":"impressum","status":"publish","type":"page","link":"https:\/\/www.burgbucherbach.de\/audioguide\/impressum\/","title":{"rendered":"Impressum"},"content":{"rendered":"<h3 style=\"text-align: center;\"><strong>Ein Projekt der<\/strong><\/h3>\n<p style=\"text-align: center;\"><strong>Interessengemeinschaft Burg Bucherbach e.V.<\/strong><\/p>\n<p style=\"text-align: center;\">Matthias-Nickels-Str. 16<br \/>\nD-66346 P\u00fcttlingen<\/p>\n<p style=\"text-align: center;\"><strong>Vertreten durch:<\/strong><\/p>\n<p style=\"text-align: center;\">Johannes Folz, 1. Vorsitzender<\/p>\n<p style=\"text-align: center;\">Rebecca Goldbaum, 2. Vorsitzende<\/p>\n<p style=\"text-align: center;\">E-Mail: <span id=\"cloak5bc1fd0e3370e94c3dac6fd2f1a7a344\"><a href=\"mailto:info@burgbucherbach.de\">info@burgbucherbach.de<\/a><\/span><\/p>\n<p style=\"text-align: center;\">Internet: <a href=\"http:\/\/www.burgbucherbach.de\">www.burgbucherbach.de<\/a><\/p>\n<h3 style=\"text-align: center;\"><strong>Mit Unterst\u00fctzung der Stadt P\u00fcttlingen<\/strong><\/h3>\n<p style=\"text-align: center;\">Internet: <a href=\"http:\/\/www.puettlingen.de\" target=\"_blank\" rel=\"noopener\">www.puettlingen.de<\/a><\/p>\n<h3 style=\"text-align: center;\"><strong>Texte Audioguide<br \/>\n<\/strong><\/h3>\n<p style=\"text-align: center;\">Prof. Dr.\u00a0 Joachim Conrad<\/p>\n<p style=\"text-align: center;\">Michael M\u00fcller, Heimatkundlicher Verein P\u00fcttlingen<\/p>\n<h3 style=\"text-align: center;\"><strong>Texte H\u00f6rspiele<\/strong><\/h3>\n<p style=\"text-align: center;\">Eva D\u00f6rr &#8211; Vieregge<\/p>\n<h3 style=\"text-align: center;\"><strong>Audiodateien produziert von<\/strong><\/h3>\n<img loading=\"lazy\" decoding=\"async\" class=\"aligncenter wp-image-332\" src=\"http:\/\/www.burgbucherbach.de\/audioguide\/wp-content\/uploads\/2018\/06\/afv_logo.jpg\" alt=\"\" width=\"84\" height=\"85\" srcset=\"https:\/\/www.burgbucherbach.de\/audioguide\/wp-content\/uploads\/2018\/06\/afv_logo.jpg 333w, https:\/\/www.burgbucherbach.de\/audioguide\/wp-content\/uploads\/2018\/06\/afv_logo-250x250.jpg 250w, https:\/\/www.burgbucherbach.de\/audioguide\/wp-content\/uploads\/2018\/06\/afv_logo-125x125.jpg 125w\" sizes=\"(max-width: 84px) 100vw, 84px\" \/>\n<p style=\"text-align: center;\">AFV &#8211; der\u00a0Agentur f\u00fcr Verkaufsf\u00f6rderung \u2013<\/p>\n<p style=\"text-align: center;\">Inhaber Hans Ebert<\/p>\n<p style=\"text-align: center;\">E-Mail: <a href=\"mailto:ebert.j@web.de\">ebert.j@web.de<\/a><\/p>\n<p style=\"text-align: center;\">Internet: <a href=\"http:\/\/www.afv-ebert.de\" target=\"_blank\" rel=\"noopener\">www.afv-ebert.de<\/a><\/p>\n<p style=\"text-align: center;\">in Zusammenarbeit mit<\/p>\n<p style=\"text-align: center;\">Dr. Michael Bernsdorf\/ Sprecher und Regie.<\/p>\n<h3 style=\"text-align: center;\"><strong>Technische Umsetzung:<\/strong><\/h3>\n<p style=\"text-align: center;\">VIGNERON MANAGEMENT<\/p>\n<p style=\"text-align: center;\">Programmierung Dr.\u00a0 Robert Kolatzek<\/p>\n<p style=\"text-align: center;\">Internet:\u00a0 <a href=\"https:\/\/www.vigneron-management.com\/\" target=\"_blank\" rel=\"noopener\">www.vigneron-managment.com <\/a><\/p>\n<h3 style=\"text-align: center;\"><strong>Webbetreuung und Inhaltspflege: <\/strong><\/h3>\n<p style=\"text-align: center;\">Pascal Comtesse<\/p>\n<h3 style=\"text-align: center;\"><strong>Hinweis auf EU-Streitschlichtung<\/strong><\/h3>\n<p style=\"text-align: center;\">Zur au\u00dfergerichtlichen Beilegung von verbraucherrechtlichen Streitigkeiten hat die Europ\u00e4ische Union eine Online-Plattform (\u201cOS-Plattform\u201d) eingerichtet, an die Sie sich wenden k\u00f6nnen. Die Plattform finden Sie unter <strong><a href=\"http:\/\/ec.europa.eu\/consumers\/odr\/\" target=\"_blank\" rel=\"alternate noopener\">http:\/\/ec.europa.eu\/consumers\/odr\/<\/a><\/strong>. Unsere Emailadresse lautet: <strong><a href=\"mailto:info@burgbucherbach.de\" rel=\"alternate\">info@burgbucherbach.de\u00a0<\/a><\/strong><\/p>\n<p style=\"text-align: center;\"><strong>weiter zu<\/strong><\/p>\n<h3 style=\"text-align: center;\"><span style=\"font-size: 14pt;\"><strong><a href=\"http:\/\/www.burgbucherbach.de\/audioguide\/impressum\/datenschutz\/\">Disclaimer \/ Datenschutz<\/a><\/strong><\/span><\/h3>\n","protected":false},"excerpt":{"rendered":"<p>Ein Projekt der Interessengemeinschaft Burg Bucherbach e.V. Matthias-Nickels-Str. 16 D-66346 P\u00fcttlingen Vertreten durch: Johannes Folz, 1. Vorsitzender Rebecca Goldbaum, 2. Vorsitzende E-Mail: info@burgbucherbach.de Internet: www.burgbucherbach.de Mit Unterst\u00fctzung der Stadt P\u00fcttlingen Internet: www.puettlingen.de Texte Audioguide Prof. Dr.\u00a0 Joachim Conrad Michael M\u00fcller, Heimatkundlicher Verein P\u00fcttlingen Texte H\u00f6rspiele Eva D\u00f6rr &#8211; Vieregge Audiodateien produziert von AFV &#8211; der\u00a0Agentur&hellip; <a class=\"read-more\" href=\"https:\/\/www.burgbucherbach.de\/audioguide\/impressum\/\" title=\"Read Impressum\">Read more &raquo;<\/a><\/p>\n","protected":false},"author":3,"featured_media":0,"parent":0,"menu_order":0,"comment_status":"closed","ping_status":"closed","template":"","meta":{"footnotes":""},"_links":{"self":[{"href":"https:\/\/www.burgbucherbach.de\/audioguide\/wp-json\/wp\/v2\/pages\/259"}],"collection":[{"href":"https:\/\/www.burgbucherbach.de\/audioguide\/wp-json\/wp\/v2\/pages"}],"about":[{"href":"https:\/\/www.burgbucherbach.de\/audioguide\/wp-json\/wp\/v2\/types\/page"}],"author":[{"embeddable":true,"href":"https:\/\/www.burgbucherbach.de\/audioguide\/wp-json\/wp\/v2\/users\/3"}],"replies":[{"embeddable":true,"href":"https:\/\/www.burgbucherbach.de\/audioguide\/wp-json\/wp\/v2\/comments?post=259"}],"version-history":[{"count":30,"href":"https:\/\/www.burgbucherbach.de\/audioguide\/wp-json\/wp\/v2\/pages\/259\/revisions"}],"predecessor-version":[{"id":378,"href":"https:\/\/www.burgbucherbach.de\/audioguide\/wp-json\/wp\/v2\/pages\/259\/revisions\/378"}],"wp:attachment":[{"href":"https:\/\/www.burgbucherbach.de\/audioguide\/wp-json\/wp\/v2\/media?parent=259"}],"curies":[{"name":"wp","href":"https:\/\/api.w.org\/{rel}","templated":true}]}}