{"id":380,"date":"2023-02-25T20:13:15","date_gmt":"2023-02-25T19:13:15","guid":{"rendered":"https:\/\/www.burgbucherbach.de\/audioguide\/?page_id=380"},"modified":"2026-03-02T23:19:52","modified_gmt":"2026-03-02T22:19:52","slug":"ostereiersuche-2026","status":"publish","type":"page","link":"https:\/\/www.burgbucherbach.de\/audioguide\/ostereiersuche-2026\/","title":{"rendered":"Anmeldung zur Ostereiersuche in der Burg Bucherbach 2026"},"content":{"rendered":"\n<p>Liebe Eltern, Liebe Kinder, vielen Dank f\u00fcr das Interesse an der diesj\u00e4hrigen Ostereiersuche in der Burg Bucherbach am 29.03.2026! Nachfolgend k\u00f6nnt ihr euch zur Ostereiersuche anmelden. Bitte meldet nur Kinder zur Ostereiersuche an, erwachsene Begleitpersonen m\u00fcssen sich selbstverst\u00e4ndlich nicht anmelden.<\/p>\n\n\n\n<p><em>Wir als IG Burg Bucherbach e.V. setzen uns mit viel Leidenschaft f\u00fcr die j\u00e4hrliche Osteraktion f\u00fcr die Kinder ein. \u00dcber 1 Euro pro Teilnehmer in unsere Spendenbox am Eingang zur Burg freuen wir uns sehr.<\/em><\/p>\n\n\n\n<p><strong>Bitte beachtet, dass pro teilnehmenden Kind eine separate Anmeldung erforderlich ist!<\/strong><\/p>\n\n\n\n<div class=\"forminator-guttenberg\">\t\t\t<div class=\"forminator-custom-form\">\n\t\t\t\t\t\t\t\t\t<label class=\"forminator-label--info\"><span>Vielen Dank f\u00fcr Ihr Interesse. Leider ist die Anmeldung bereits voll.<\/span><\/label>\n\t\t\t\t\t\t\t<\/div>\n\t\t\t<\/div>\n","protected":false},"excerpt":{"rendered":"<p>Liebe Eltern, Liebe Kinder, vielen Dank f\u00fcr das Interesse an der diesj\u00e4hrigen Ostereiersuche in der Burg Bucherbach am 29.03.2026! Nachfolgend k\u00f6nnt ihr euch zur Ostereiersuche anmelden. Bitte meldet nur Kinder zur Ostereiersuche an, erwachsene Begleitpersonen m\u00fcssen sich selbstverst\u00e4ndlich nicht anmelden. Wir als IG Burg Bucherbach e.V. setzen uns mit viel Leidenschaft f\u00fcr die j\u00e4hrliche Osteraktion&hellip; <a class=\"read-more\" href=\"https:\/\/www.burgbucherbach.de\/audioguide\/ostereiersuche-2026\/\" title=\"Read Anmeldung zur Ostereiersuche in der Burg Bucherbach 2026\">Read more &raquo;<\/a><\/p>\n","protected":false},"author":4,"featured_media":0,"parent":0,"menu_order":0,"comment_status":"closed","ping_status":"closed","template":"","meta":{"footnotes":""},"_links":{"self":[{"href":"https:\/\/www.burgbucherbach.de\/audioguide\/wp-json\/wp\/v2\/pages\/380"}],"collection":[{"href":"https:\/\/www.burgbucherbach.de\/audioguide\/wp-json\/wp\/v2\/pages"}],"about":[{"href":"https:\/\/www.burgbucherbach.de\/audioguide\/wp-json\/wp\/v2\/types\/page"}],"author":[{"embeddable":true,"href":"https:\/\/www.burgbucherbach.de\/audioguide\/wp-json\/wp\/v2\/users\/4"}],"replies":[{"embeddable":true,"href":"https:\/\/www.burgbucherbach.de\/audioguide\/wp-json\/wp\/v2\/comments?post=380"}],"version-history":[{"count":13,"href":"https:\/\/www.burgbucherbach.de\/audioguide\/wp-json\/wp\/v2\/pages\/380\/revisions"}],"predecessor-version":[{"id":413,"href":"https:\/\/www.burgbucherbach.de\/audioguide\/wp-json\/wp\/v2\/pages\/380\/revisions\/413"}],"wp:attachment":[{"href":"https:\/\/www.burgbucherbach.de\/audioguide\/wp-json\/wp\/v2\/media?parent=380"}],"curies":[{"name":"wp","href":"https:\/\/api.w.org\/{rel}","templated":true}]}}